{"id":2503,"date":"2016-09-06T16:31:12","date_gmt":"2016-09-06T15:31:12","guid":{"rendered":"http:\/\/www.proenex.es\/en\/servicios-profesionales\/"},"modified":"2016-09-29T16:01:28","modified_gmt":"2016-09-29T15:01:28","slug":"professional-services","status":"publish","type":"page","link":"http:\/\/www.proenex.es\/en\/professional-services\/","title":{"rendered":"Professional services"},"content":{"rendered":"<div class=\"wpb-content-wrapper\"><p>[vc_row css=&#8221;.vc_custom_1473262803385{background-color: #232323 !important;}&#8221;][vc_column][vc_empty_space height=&#8221;80px&#8221;][vc_column_text]<\/p>\n<p style=\"text-align: center; font-size: 45px; text-transform: uppercase; color: white;\">SCOPE OF\u00a0services<\/p>\n<p>[\/vc_column_text][vc_empty_space height=&#8221;60px&#8221;][\/vc_column][\/vc_row][vc_row][vc_column width=&#8221;1\/2&#8243;][vc_empty_space height=&#8221;60px&#8221;][vc_images_carousel images=&#8221;2444,2445,2446,2447,2448&#8243; img_size=&#8221;400&#215;400&#8243; captions=&#8221;custom&#8221; custom_captions=&#8221;Dise\u00f1o fotovoltaico en 3D,Simulaciones y an\u00e1lisis de sombras,V\u00eddeos e infograf\u00edas en 3D,An\u00e1lisis de terrenos,Visualizaci\u00f3n en Google Earth de proyectos&#8221;][vc_empty_space height=&#8221;40px&#8221;][\/vc_column][vc_column width=&#8221;1\/2&#8243;][vc_empty_space height=&#8221;60px&#8221;][vc_column_text]<\/p>\n<p style=\"text-align: left; font-size: 30px; text-transform: uppercase; color: #232323;\">PHOTOVOLTAIC ARCHITECTURE<\/p>\n<p>[\/vc_column_text][vc_column_text]<\/p>\n<p style=\"text-align: left; font-size: 20px;\"><i class=\"fa fa-arrow-circle-right\"><\/i>\u00a0PV general layouts<\/p>\n<p style=\"text-align: left; font-size: 20px;\"><i class=\"fa fa-arrow-circle-right\"><\/i>\u00a0Configuration and optimization studies<\/p>\n<p style=\"text-align: left; font-size: 20px;\"><i class=\"fa fa-arrow-circle-right\"><\/i>\u00a0Component selection<\/p>\n<p style=\"text-align: left; font-size: 20px;\"><i class=\"fa fa-arrow-circle-right\"><\/i>\u00a03D PV design<\/p>\n<p style=\"text-align: left; font-size: 20px;\"><i class=\"fa fa-arrow-circle-right\"><\/i>\u00a0Shadows and simulation analysis<\/p>\n<p style=\"text-align: left; font-size: 20px;\"><i class=\"fa fa-arrow-circle-right\"><\/i>\u00a03D videos and infographics<\/p>\n<p style=\"text-align: left; font-size: 20px;\"><i class=\"fa fa-arrow-circle-right\"><\/i>\u00a0Slope studies<\/p>\n<p style=\"text-align: left; font-size: 20px;\"><i class=\"fa fa-arrow-circle-right\"><\/i>\u00a0Google Earth project visualization<\/p>\n<p>[\/vc_column_text][vc_empty_space height=&#8221;30px&#8221;][\/vc_column][\/vc_row][vc_row css=&#8221;.vc_custom_1473261810978{border-top-width: 1px !important;background-color: #f9f9f9 !important;border-top-color: #e0e0e0 !important;border-top-style: solid !important;}&#8221;][vc_column width=&#8221;1\/2&#8243;][vc_empty_space height=&#8221;60px&#8221;][vc_column_text]<\/p>\n<p style=\"text-align: left; font-size: 30px; text-transform: uppercase; color: #232323;\">ELECTRICAL DESIGN<\/p>\n<p>[\/vc_column_text][vc_column_text]<\/p>\n<p style=\"text-align: left; font-size: 20px;\"><i class=\"fa fa-arrow-circle-right\"><\/i>\u00a0Low and medium\u00a0voltage calculation<\/p>\n<p style=\"text-align: left; font-size: 20px;\"><i class=\"fa fa-arrow-circle-right\"><\/i>\u00a0Load-flow and shorts-circiut analysis<\/p>\n<p style=\"text-align: left; font-size: 20px;\"><i class=\"fa fa-arrow-circle-right\"><\/i>\u00a0Protection devices selection<\/p>\n<p style=\"text-align: left; font-size: 20px;\"><i class=\"fa fa-arrow-circle-right\"><\/i>\u00a0Trench and trunking design<\/p>\n<p style=\"text-align: left; font-size: 20px;\"><i class=\"fa fa-arrow-circle-right\"><\/i>\u00a0Earthing studies<\/p>\n<p>[\/vc_column_text][vc_empty_space height=&#8221;40px&#8221;][\/vc_column][vc_column width=&#8221;1\/2&#8243;][vc_empty_space height=&#8221;60px&#8221;][vc_images_carousel images=&#8221;2449,2450,2451,2452&#8243; img_size=&#8221;400&#215;400&#8243; captions=&#8221;custom&#8221; custom_captions=&#8221;C\u00e1lculo de cables en Baja y Alta tensi\u00f3n,Elecci\u00f3n de protecciones,Dise\u00f1o de zanjas y canalizaciones 1,Dise\u00f1o de zanjas y canalizaciones 2&#8243;][vc_empty_space height=&#8221;40px&#8221;][\/vc_column][\/vc_row][vc_row css=&#8221;.vc_custom_1473341429249{border-top-width: 1px !important;border-top-color: #e0e0e0 !important;border-top-style: solid !important;}&#8221;][vc_column width=&#8221;1\/2&#8243;][vc_empty_space height=&#8221;60px&#8221;][vc_images_carousel images=&#8221;2454&#8243; img_size=&#8221;400&#215;400&#8243; captions=&#8221;custom&#8221; custom_captions=&#8221;Programaci\u00f3n&#8221;][vc_empty_space height=&#8221;40px&#8221;][\/vc_column][vc_column width=&#8221;1\/2&#8243;][vc_empty_space height=&#8221;60px&#8221;][vc_column_text]ENGINEERING AND MANAGEMENT[\/vc_column_text][vc_column_text]<\/p>\n<p style=\"text-align: left; font-size: 20px;\"><i class=\"fa fa-arrow-circle-right\"><\/i>\u00a0 Project optimization<\/p>\n<p style=\"text-align: left; font-size: 20px;\"><i class=\"fa fa-arrow-circle-right\"><\/i>\u00a0 Cost-effectiveness\u00a0studies<\/p>\n<p style=\"text-align: left; font-size: 20px;\"><i class=\"fa fa-arrow-circle-right\"><\/i>\u00a0 Calculations and programming<\/p>\n<p style=\"text-align: left; font-size: 20px;\"><i class=\"fa fa-arrow-circle-right\"><\/i>\u00a0 Technical documentation<\/p>\n<p style=\"text-align: left; font-size: 20px;\"><i class=\"fa fa-arrow-circle-right\"><\/i>\u00a0 Material lists<\/p>\n<p style=\"text-align: left; font-size: 20px;\"><i class=\"fa fa-arrow-circle-right\"><\/i>\u00a0\u00a0Scope of works<\/p>\n<p style=\"text-align: left; font-size: 20px;\"><i class=\"fa fa-arrow-circle-right\"><\/i>\u00a0 Components specifications<\/p>\n<p>[\/vc_column_text][vc_empty_space height=&#8221;40px&#8221;][\/vc_column][\/vc_row][vc_row css=&#8221;.vc_custom_1473261800808{border-top-width: 1px !important;background-color: #f9f9f9 !important;border-top-color: #e0e0e0 !important;border-top-style: solid !important;}&#8221;][vc_column width=&#8221;1\/2&#8243;][vc_empty_space height=&#8221;60px&#8221;][vc_column_text]<\/p>\n<p style=\"text-align: left; font-size: 30px; text-transform: uppercase; color: #232323;\">MONITORIZACI\u00d3N Y SEGURIDAD<\/p>\n<p>[\/vc_column_text][vc_column_text]<\/p>\n<p style=\"text-align: left; font-size: 20px;\"><i class=\"fa fa-arrow-circle-right\"><\/i>\u00a0Monitoring: Technical and CAD\u00a0support<\/p>\n<p style=\"text-align: left; font-size: 20px;\"><i class=\"fa fa-arrow-circle-right\"><\/i>\u00a0Security Systems: Technical and CAD\u00a0support<\/p>\n<p style=\"text-align: left; font-size: 20px;\"><i class=\"fa fa-arrow-circle-right\"><\/i>\u00a0Auxiliary systems power supply design<\/p>\n<p>[\/vc_column_text][vc_empty_space height=&#8221;40px&#8221;][\/vc_column][vc_column width=&#8221;1\/2&#8243;][vc_empty_space height=&#8221;60px&#8221;][vc_images_carousel images=&#8221;2455&#8243; img_size=&#8221;400&#215;400&#8243; captions=&#8221;custom&#8221; custom_captions=&#8221;Monitorizaci\u00f3n Apoyo t\u00e9cnico y de CAD&#8221;][vc_empty_space height=&#8221;40px&#8221;][\/vc_column][\/vc_row][vc_row css=&#8221;.vc_custom_1473341476655{border-top-width: 1px !important;border-top-color: #e0e0e0 !important;border-top-style: solid !important;}&#8221;][vc_column width=&#8221;1\/2&#8243;][vc_empty_space height=&#8221;60px&#8221;][vc_images_carousel images=&#8221;2456,2457,2458,2459,2460,2461&#8243; img_size=&#8221;400&#215;400&#8243; captions=&#8221;custom&#8221; custom_captions=&#8221;Carreteras internas 1,Carreteras internas 2,Trayectorias de veh\u00edculos 1,Trayectorias de veh\u00edculos 2,Sistemas de drenaje,Movimiento de tierras&#8221;][vc_empty_space height=&#8221;40px&#8221;][\/vc_column][vc_column width=&#8221;1\/2&#8243;][vc_empty_space height=&#8221;60px&#8221;][vc_column_text]<\/p>\n<p style=\"text-align: left; font-size: 30px; text-transform: uppercase; color: #232323;\">INGENIER\u00cdA CIVIL<\/p>\n<p>[\/vc_column_text][vc_column_text]<\/p>\n<p style=\"text-align: left; font-size: 20px;\"><i class=\"fa fa-arrow-circle-right\"><\/i>\u00a0 Internal roads<\/p>\n<p style=\"text-align: left; font-size: 20px;\"><i class=\"fa fa-arrow-circle-right\"><\/i>\u00a0\u00a0Vehicle swept path analysis<\/p>\n<p style=\"text-align: left; font-size: 20px;\"><i class=\"fa fa-arrow-circle-right\"><\/i>\u00a0 Power stations foundations<\/p>\n<p style=\"text-align: left; font-size: 20px;\"><i class=\"fa fa-arrow-circle-right\"><\/i>\u00a0 Drainage systems<\/p>\n<p style=\"text-align: left; font-size: 20px;\"><i class=\"fa fa-arrow-circle-right\"><\/i>\u00a0 Land\u00a0movement studies<\/p>\n<p>[\/vc_column_text][vc_empty_space height=&#8221;30px&#8221;][\/vc_column][\/vc_row][vc_row][vc_column][vc_empty_space height=&#8221;43px&#8221;][vc_column_text]<\/p>\n<p style=\"text-align: center; font-size: 50px; text-transform: uppercase; color: #232323;\">YOU CAN ALSO<\/p>\n<p>[\/vc_column_text][vc_column_text]<\/p>\n<p style=\"text-align: center;\"><a style=\"text-align: center; text-decoration: underline; color: #232323;\" href=\"http:\/\/www.proenex.es\/en\/our-projects\/\">See our projects \u2192<\/a><\/p>\n<p>[\/vc_column_text][\/vc_column][\/vc_row]<\/p>\n<\/div>","protected":false},"excerpt":{"rendered":"<p>[vc_row css=&#8221;.vc_custom_1473262803385{background-color: #232323 !important;}&#8221;][vc_column][vc_empty_space height=&#8221;80px&#8221;][vc_column_text] SCOPE OF\u00a0services [\/vc_column_text][vc_empty_space height=&#8221;60px&#8221;][\/vc_column][\/vc_row][vc_row][vc_column width=&#8221;1\/2&#8243;][vc_empty_space height=&#8221;60px&#8221;][vc_images_carousel images=&#8221;2444,2445,2446,2447,2448&#8243; img_size=&#8221;400&#215;400&#8243; captions=&#8221;custom&#8221; custom_captions=&#8221;Dise\u00f1o fotovoltaico en 3D,Simulaciones y an\u00e1lisis de sombras,V\u00eddeos e infograf\u00edas en 3D,An\u00e1lisis de terrenos,Visualizaci\u00f3n en Google Earth de proyectos&#8221;][vc_empty_space height=&#8221;40px&#8221;][\/vc_column][vc_column width=&#8221;1\/2&#8243;][vc_empty_space height=&#8221;60px&#8221;][vc_column_text] PHOTOVOLTAIC ARCHITECTURE [\/vc_column_text][vc_column_text] \u00a0PV general layouts \u00a0Configuration and optimization studies \u00a0Component selection \u00a03D PV design \u00a0Shadows and simulation analysis \u00a03D videos and infographics \u00a0Slope studies \u00a0Google Earth project visualization [\/vc_column_text][vc_empty_space height=&#8221;30px&#8221;][\/vc_column][\/vc_row][vc_row css=&#8221;.vc_custom_1473261810978{border-top-width: 1px !important;background-color: [&hellip;]<\/p>\n","protected":false},"author":1,"featured_media":0,"parent":0,"menu_order":0,"comment_status":"closed","ping_status":"closed","template":"template-onepager.php","meta":{"footnotes":""},"class_list":["post-2503","page","type-page","status-publish","hentry"],"_links":{"self":[{"href":"http:\/\/www.proenex.es\/en\/wp-json\/wp\/v2\/pages\/2503"}],"collection":[{"href":"http:\/\/www.proenex.es\/en\/wp-json\/wp\/v2\/pages"}],"about":[{"href":"http:\/\/www.proenex.es\/en\/wp-json\/wp\/v2\/types\/page"}],"author":[{"embeddable":true,"href":"http:\/\/www.proenex.es\/en\/wp-json\/wp\/v2\/users\/1"}],"replies":[{"embeddable":true,"href":"http:\/\/www.proenex.es\/en\/wp-json\/wp\/v2\/comments?post=2503"}],"version-history":[{"count":9,"href":"http:\/\/www.proenex.es\/en\/wp-json\/wp\/v2\/pages\/2503\/revisions"}],"predecessor-version":[{"id":2541,"href":"http:\/\/www.proenex.es\/en\/wp-json\/wp\/v2\/pages\/2503\/revisions\/2541"}],"wp:attachment":[{"href":"http:\/\/www.proenex.es\/en\/wp-json\/wp\/v2\/media?parent=2503"}],"curies":[{"name":"wp","href":"https:\/\/api.w.org\/{rel}","templated":true}]}}