{"id":1775,"date":"2014-09-25T12:55:21","date_gmt":"2014-09-25T11:55:21","guid":{"rendered":"http:\/\/www.proenex.es\/?page_id=1775"},"modified":"2015-02-02T09:15:42","modified_gmt":"2015-02-02T08:15:42","slug":"inicio","status":"publish","type":"page","link":"http:\/\/www.proenex.es\/en\/inicio\/","title":{"rendered":"Inicio"},"content":{"rendered":"<div class=\"wpb-content-wrapper\"><p>[vc_row type=&#8221;in_container&#8221; bg_position=&#8221;left top&#8221; bg_repeat=&#8221;no-repeat&#8221; overlay_opacity=&#8221;0.65&#8243; overlay_zindex=&#8221;1&#8243; text_color=&#8221;dark&#8221; top_padding=&#8221;10&#8243; bottom_padding=&#8221;10&#8243; bg_position_2=&#8221;left top&#8221; bg_repeat_2=&#8221;no-repeat&#8221; overlay_opacity_2=&#8221;0.65&#8243; overlay_zindex_2=&#8221;1&#8243; section_name=&#8221;empresa&#8221;][vc_column width=&#8221;1\/3&#8243;][services_medium title=&#8221;ENERG\u00cdA&#8221; icon_bool=&#8221;yes&#8221; icon=&#8221;moon-sun&#8221; dynamic_content_type=&#8221;content&#8221; dynamic_page=&#8221;749&#8243; dynamic_content_link=&#8221;#&#8221;]<\/p>\n<p style=\"text-align: center; width: 100%;\">Especialistas en FV<\/p>\n<p style=\"text-align: center; width: 100%;\">Soluciones de Mercado<\/p>\n<p style=\"text-align: center; width: 100%;\">Programas de Eficiencia<\/p>\n<p>[\/services_medium][\/vc_column][vc_column width=&#8221;1\/3&#8243;][services_medium title=&#8221;INGENIER\u00cdA&#8221; icon_bool=&#8221;yes&#8221; icon=&#8221;steadysets-icon-settings&#8221; dynamic_content_type=&#8221;content&#8221; dynamic_page=&#8221;749&#8243; dynamic_content_link=&#8221;#&#8221;]<\/p>\n<p style=\"text-align: center; width: 100%;\">Proyectos El\u00e9ctricos<\/p>\n<p style=\"text-align: center; width: 100%;\">Direcci\u00f3n de obra<\/p>\n<p style=\"text-align: center; width: 100%;\">C\u00e1lculos<\/p>\n<p>[\/services_medium][\/vc_column][vc_column width=&#8221;1\/3&#8243;][services_medium title=&#8221;CONSULTOR\u00cdA&#8221; icon_bool=&#8221;yes&#8221; icon=&#8221;moon-file-4&#8243; dynamic_content_type=&#8221;content&#8221; dynamic_page=&#8221;749&#8243; dynamic_content_link=&#8221;#&#8221;]<\/p>\n<p style=\"text-align: center; width: 100%;\">Optimizaci\u00f3n del proyecto<\/p>\n<p style=\"text-align: center; width: 100%;\">Valoraci\u00f3n Econ\u00f3mica<\/p>\n<p style=\"text-align: center; width: 100%;\">An\u00e1lisis de Viabilidad<\/p>\n<p>[\/services_medium][\/vc_column][\/vc_row][vc_row type=&#8221;in_container&#8221; bg_position=&#8221;left top&#8221; bg_repeat=&#8221;no-repeat&#8221; bg_color=&#8221;#eaeaea&#8221; overlay_opacity=&#8221;0.65&#8243; overlay_zindex=&#8221;1&#8243; text_color=&#8221;dark&#8221; top_padding=&#8221;60&#8243; bottom_padding=&#8221;60&#8243; bg_position_2=&#8221;left top&#8221; bg_repeat_2=&#8221;no-repeat&#8221; overlay_opacity_2=&#8221;0.65&#8243; overlay_zindex_2=&#8221;1&#8243; class=&#8221;quitar-margen&#8221; section_name=&#8221;nosotros&#8221;][vc_column width=&#8221;2\/3&#8243;][el_head dynamic_title=&#8221;Sobre nosotros&#8221; pagination_bool=&#8221;yes&#8221;][vc_column_text]<\/p>\n<h2>La Empresa<\/h2>\n<p style=\"width: 100%; text-align: left;\">Proenex es un equipo profesional de ingenieros especialistas en la energ\u00eda solar fotovoltaica con una gran experiencia internacional dise\u00f1ando tanto peque\u00f1as instalaciones de 1 MWp, como grandes parques fotovoltaicos de cientos de MWp.<\/p>\n<h2>Misi\u00f3n<\/h2>\n<p style=\"width: 100%; text-align: left;\">Nuestra\u00a0misi\u00f3n como empresa es\u00a0contribuir al desarrollo de un modelo energ\u00e9tico mundial m\u00e1s sostenible gracias a\u00a0la energ\u00eda solar.<\/p>\n<h2>Visi\u00f3n<\/h2>\n<p style=\"width: 100%; text-align: left;\">Ser una empresa de referencia de\u00a0la ingenier\u00eda solar, dise\u00f1ando instalaciones a nivel\u00a0internacional y tambi\u00e9n en Espa\u00f1a, en cuanto la situaci\u00f3n pol\u00edtica lo permita.<\/p>\n<p>[\/vc_column_text][\/vc_column][vc_column width=&#8221;1\/3&#8243; css=&#8221;.vc_custom_1419945721468{margin-top: 0px !important;}&#8221;][media type=&#8221;image&#8221; slideshow=&#8221;posts&#8221; slideshow_page=&#8221;749&#8243; alignment=&#8221;left&#8221; animation=&#8221;left&#8221; image=&#8221;1910&#8243;][\/vc_column][\/vc_row][vc_row type=&#8221;full_width_background&#8221; bg_position=&#8221;center center&#8221; bg_repeat=&#8221;no-repeat&#8221; overlay_opacity=&#8221;0.65&#8243; overlay_zindex=&#8221;1&#8243; text_color=&#8221;dark&#8221; top_padding=&#8221;80&#8243; bottom_padding=&#8221;80&#8243; bg_position_2=&#8221;left top&#8221; bg_repeat_2=&#8221;no-repeat&#8221; overlay_opacity_2=&#8221;0.65&#8243; overlay_zindex_2=&#8221;1&#8243; bg_color=&#8221;#ffffff&#8221; bg_image=&#8221;1914&#8243; class=&#8221;quitar-margen&#8221; section_name=&#8221;informacion&#8221;][vc_column width=&#8221;1\/3&#8243;][services_media title=&#8221;DISE\u00d1AMOS TU ENERG\u00cdA&#8221; type=&#8221;img&#8221; link=&#8221;#&#8221;]Proenex nace para contribuir y apoyar el respeto por el medio ambiente, empleando la gran experiencia de su equipo humano en la ingenier\u00eda de proyectos de energ\u00edas renovables y de eficiencia energ\u00e9tica.[\/services_media][\/vc_column][vc_column width=&#8221;1\/3&#8243;][services_media title=&#8221;SOMOS PARTE DE TU PROYECTO&#8221; type=&#8221;img&#8221; link=&#8221;#&#8221;]Proenex te ofrece el equipo de ingenieros que todo proyecto relacionado con la energ\u00eda necesita, desarrollando el trabajo como si de un equipo interno se tratase.[\/services_media][\/vc_column][vc_column width=&#8221;1\/3&#8243;][services_media title=&#8221;UN MUNDO DE POSIBILIDADES&#8221; type=&#8221;img&#8221; link=&#8221;#&#8221;]Para Proenex no hay fronteras. Gracias a la tecnolog\u00eda de las telecomunicaciones actuales, podemos ofrecer un servicio de m\u00e1xima calidad all\u00e1 donde se necesite.[\/services_media][\/vc_column][\/vc_row][vc_row type=&#8221;full_width_background&#8221; bg_position=&#8221;left top&#8221; bg_repeat=&#8221;no-repeat&#8221; overlay_opacity=&#8221;0.65&#8243; overlay_zindex=&#8221;1&#8243; text_color=&#8221;dark&#8221; top_padding=&#8221;60&#8243; bottom_padding=&#8221;60&#8243; bg_position_2=&#8221;left top&#8221; bg_repeat_2=&#8221;no-repeat&#8221; overlay_opacity_2=&#8221;0.65&#8243; overlay_zindex_2=&#8221;1&#8243; parallax_bg=&#8221;true&#8221; class=&#8221;quitar-margen&#8221; section_name=&#8221;experiencia&#8221;][vc_column][page_header style=&#8221;style&#8221; size_title=&#8221;30&#8243; title=&#8221;EXPERIENCIA DEL EQUIPO&#8221;][home_portfolio dynamic_columns=&#8221;4&#8243; dynamic_rows=&#8221;1&#8243; portfolio_style=&#8221;v2&#8243; portfolio_selected=&#8221;749&#8243; portfolio_space=&#8221;no&#8221;][\/vc_column][\/vc_row][vc_row type=&#8221;in_container&#8221; bg_position=&#8221;left top&#8221; bg_repeat=&#8221;no-repeat&#8221; overlay_opacity=&#8221;0.65&#8243; overlay_zindex=&#8221;1&#8243; text_color=&#8221;dark&#8221; top_padding=&#8221;60&#8243; bottom_padding=&#8221;0&#8243; bg_position_2=&#8221;left top&#8221; bg_repeat_2=&#8221;no-repeat&#8221; overlay_opacity_2=&#8221;0.65&#8243; overlay_zindex_2=&#8221;1&#8243; class=&#8221;quitar-margen&#8221; section_name=&#8221;porque&#8221;][vc_column width=&#8221;1\/1&#8243;][page_header style=&#8221;style&#8221; size_title=&#8221;30&#8243; title=&#8221;\u00bfPOR QU\u00c9 PROENEX?&#8221;][\/vc_column][\/vc_row][vc_row type=&#8221;in_container&#8221; bg_position=&#8221;left top&#8221; bg_repeat=&#8221;no-repeat&#8221; overlay_opacity=&#8221;0.65&#8243; overlay_zindex=&#8221;1&#8243; text_color=&#8221;dark&#8221; top_padding=&#8221;40&#8243; bottom_padding=&#8221;60&#8243; bg_position_2=&#8221;left top&#8221; bg_repeat_2=&#8221;no-repeat&#8221; overlay_opacity_2=&#8221;0.65&#8243; overlay_zindex_2=&#8221;1&#8243; class=&#8221;quitar-margen&#8221;][vc_column width=&#8221;1\/4&#8243; css=&#8221;.vc_custom_1419940716730{background-position: 0 0 !important;background-repeat: no-repeat !important;}&#8221;][services_media title=&#8221;Satisfacci\u00f3n&#8221; type=&#8221;img&#8221; link=&#8221;#&#8221; photo=&#8221;1975&#8243;]En Proenex sabemos muy bien que la satisfacci\u00f3n del cliente no es s\u00f3lo nuestra m\u00e1xima, sino que es realmente lo que nos hace progresar y crecer.[\/services_media][\/vc_column][vc_column width=&#8221;1\/4&#8243;][services_media title=&#8221;Calidad&#8221; type=&#8221;img&#8221; link=&#8221;#&#8221; photo=&#8221;1971&#8243;]Un valor que aplicamos a cada uno de los trabajos que llevamos a cabo, desde los c\u00e1lculos y los dise\u00f1os, hasta la propia presentaci\u00f3n del trabajo bien hecho.[\/services_media][\/vc_column][vc_column width=&#8221;1\/4&#8243;][services_media title=&#8221;Flexibilidad&#8221; type=&#8221;img&#8221; link=&#8221;#&#8221; photo=&#8221;1972&#8243;]Como equipo externo, nos ajustamos a cada proyecto ofreciendo un servicio \u00fanico al cliente alcanzando\u00a0las fechas de entrega con garant\u00eda y calidad.[\/services_media][\/vc_column][vc_column width=&#8221;1\/4&#8243;][services_media title=&#8221;Compromiso y confianza&#8221; type=&#8221;img&#8221; link=&#8221;#&#8221; photo=&#8221;1973&#8243;]Seremos\u00a0una parte completamente integrada y comprometida en el proyecto, compartiendo los mismos objetivos y las mismas metas que su empresa.[\/services_media][\/vc_column][\/vc_row][vc_row type=&#8221;in_container&#8221; bg_position=&#8221;left top&#8221; bg_repeat=&#8221;no-repeat&#8221; bg_color=&#8221;#eaeaea&#8221; overlay_opacity=&#8221;0.65&#8243; overlay_zindex=&#8221;1&#8243; text_color=&#8221;dark&#8221; top_padding=&#8221;60&#8243; bottom_padding=&#8221;60&#8243; bg_position_2=&#8221;left top&#8221; bg_repeat_2=&#8221;no-repeat&#8221; overlay_opacity_2=&#8221;0.65&#8243; overlay_zindex_2=&#8221;1&#8243; class=&#8221;quitar-margen&#8221; section_name=&#8221;testimonios&#8221;][vc_column width=&#8221;1\/1&#8243;][page_header style=&#8221;style&#8221; size_title=&#8221;30&#8243; title=&#8221;Dicen de nosotros&#8221;][single_testimonial][\/vc_column][\/vc_row][vc_row type=&#8221;full_width_background&#8221; bg_image=&#8221;1439&#8243; bg_position=&#8221;left top&#8221; bg_repeat=&#8221;no-repeat&#8221; overlay_opacity=&#8221;0.65&#8243; overlay_zindex=&#8221;1&#8243; text_color=&#8221;dark&#8221; top_padding=&#8221;60&#8243; bottom_padding=&#8221;60&#8243; bg_position_2=&#8221;left top&#8221; bg_repeat_2=&#8221;no-repeat&#8221; overlay_opacity_2=&#8221;0.65&#8243; overlay_zindex_2=&#8221;1&#8243; class=&#8221;quitar-margen&#8221; section_name=&#8221;estadisticas&#8221;][vc_column css=&#8221;.vc_custom_1422526596490{margin-bottom: 50px !important;}&#8221; width=&#8221;1\/1&#8243;][page_header style=&#8221;style&#8221; size_title=&#8221;30&#8243; title=&#8221;Nuestros dise\u00f1os han generado&#8230;&#8221;][\/vc_column][vc_column width=&#8221;1\/3&#8243;][vc_raw_html]JTNDcCUyMHN0eWxlJTNEJTIydGV4dC1hbGlnbiUzQWNlbnRlciUzQiUyMGZvbnQtc2l6ZSUzQTE1cHglM0IlMjB3aWR0aCUzQTEwMCUyNSUzQiUyMGNvbG9yJTNBJTIzM0ZBRDhBJTNCJTIyJTNFJTBBJTNDaW1nJTIwc3JjJTNEJTIyaHR0cCUzQSUyRiUyRnd3dy5wcm9lbmV4LmVzJTJGd3AtY29udGVudCUyRnVwbG9hZHMlMkYyMDE0JTJGMDklMkZJbmR1c3RyeS1FbGVjdHJpY2l0eS1pY29uLnBuZyUyMiUyMCUyRiUzRSUwQSUzQyUyRnAlM0U=[\/vc_raw_html]<div class=\"fact colored\" data-perc=\"124.6\"><h3 class=\"factor\"><\/h3><h3 class=\"fact__title\">Days<\/h3><\/div>[\/vc_column][vc_column width=&#8221;1\/3&#8243;][vc_raw_html]JTNDcCUyMHN0eWxlJTNEJTIydGV4dC1hbGlnbiUzQWNlbnRlciUzQiUyMGZvbnQtc2l6ZSUzQTE1cHglM0IlMjB3aWR0aCUzQTEwMCUyNSUzQiUyMGNvbG9yJTNBJTIzM0ZBRDhBJTNCJTIyJTNFJTBBJTNDaW1nJTIwc3JjJTNEJTIyaHR0cCUzQSUyRiUyRnd3dy5wcm9lbmV4LmVzJTJGd3AtY29udGVudCUyRnVwbG9hZHMlMkYyMDE0JTJGMDklMkZUcmFuc3BvcnQtQ2Fycy1pY29uLnBuZyUyMiUyMCUyRiUzRSUwQSUzQyUyRnAlM0U=[\/vc_raw_html]<div class=\"fact colored\" data-perc=\"51.1\"><h3 class=\"factor\"><\/h3><h3 class=\"fact__title\">Days<\/h3><\/div>[\/vc_column][vc_column width=&#8221;1\/3&#8243;][vc_raw_html]JTNDcCUyMHN0eWxlJTNEJTIydGV4dC1hbGlnbiUzQWNlbnRlciUzQiUyMGZvbnQtc2l6ZSUzQTE1cHglM0IlMjB3aWR0aCUzQTEwMCUyNSUzQiUyMGNvbG9yJTNBJTIzM0ZBRDhBJTNCJTIyJTNFJTBBJTNDaW1nJTIwc3JjJTNEJTIyaHR0cCUzQSUyRiUyRnd3dy5wcm9lbmV4LmVzJTJGd3AtY29udGVudCUyRnVwbG9hZHMlMkYyMDE0JTJGMDklMkZJbmR1c3RyeS1GYWN0b3J5LWljb24ucG5nJTIyJTIwJTJGJTNFJTBBJTNDJTJGcCUzRQ==[\/vc_raw_html]<div class=\"fact colored\" data-perc=\"99.6\"><h3 class=\"factor\"><\/h3><h3 class=\"fact__title\">Days<\/h3><\/div>[\/vc_column][\/vc_row][vc_row type=&#8221;in_container&#8221; bg_position=&#8221;left top&#8221; bg_repeat=&#8221;no-repeat&#8221; bg_color=&#8221;#222222&#8243; overlay_opacity=&#8221;0.65&#8243; overlay_zindex=&#8221;1&#8243; text_color=&#8221;dark&#8221; top_padding=&#8221;50&#8243; bottom_padding=&#8221;50&#8243; bg_position_2=&#8221;left top&#8221; bg_repeat_2=&#8221;no-repeat&#8221; overlay_opacity_2=&#8221;0.65&#8243; overlay_zindex_2=&#8221;1&#8243; class=&#8221;quitar-margen&#8221;][vc_column width=&#8221;1\/1&#8243;][vc_column_text]<\/p>\n<h1 style=\"color: #1ead85; margin-bottom: 30px; text-align: center;\">CONTACTO<\/h1>\n<p style=\"color: white; text-align: center; font-size: 18px;\"><img loading=\"lazy\" decoding=\"async\" class=\"alignnone size-full wp-image-2012\" src=\"http:\/\/www.proenex.es\/wp-content\/uploads\/2014\/09\/BLANCOMaps-Location-icon-copia.png\" alt=\"BLANCOMaps-Location-icon copia\" width=\"32\" height=\"32\" \/>\u00a0\u00a0 Av. Hermanos Maristas, 28 oficina 4H \u00b7 46013 Valencia(Spain)<\/p>\n<p style=\"color: white; text-align: center; font-size: 18px;\"><img loading=\"lazy\" decoding=\"async\" class=\"alignnone size-full wp-image-2008\" src=\"http:\/\/www.proenex.es\/wp-content\/uploads\/2014\/09\/BLANCOMobile-Phone-1-icon-copia1.png\" alt=\"BLANCOMobile-Phone-1-icon copia\" width=\"32\" height=\"32\" \/> \u00a0 +34 961 477 297 \u00a0 \u00a0\u00a0 \u00a0 \u00a0 <img loading=\"lazy\" decoding=\"async\" class=\"alignnone size-full wp-image-2010\" src=\"http:\/\/www.proenex.es\/wp-content\/uploads\/2014\/09\/BLANCOMessaging-Message-icon-copia.png\" alt=\"BLANCOMessaging-Message-icon copia\" width=\"32\" height=\"32\" \/>\u00a0\u00a0 <a style=\"color: white;\" href=\"mailto:info@proenex.com\">info@proenex.com<\/a><\/p>\n<p>[\/vc_column_text][\/vc_column][\/vc_row]<\/p>\n<\/div>","protected":false},"excerpt":{"rendered":"<p>[vc_row type=&#8221;in_container&#8221; bg_position=&#8221;left top&#8221; bg_repeat=&#8221;no-repeat&#8221; overlay_opacity=&#8221;0.65&#8243; overlay_zindex=&#8221;1&#8243; text_color=&#8221;dark&#8221; top_padding=&#8221;10&#8243; bottom_padding=&#8221;10&#8243; bg_position_2=&#8221;left top&#8221; bg_repeat_2=&#8221;no-repeat&#8221; overlay_opacity_2=&#8221;0.65&#8243; overlay_zindex_2=&#8221;1&#8243; section_name=&#8221;empresa&#8221;][vc_column width=&#8221;1\/3&#8243;][services_medium title=&#8221;ENERG\u00cdA&#8221; icon_bool=&#8221;yes&#8221; icon=&#8221;moon-sun&#8221; dynamic_content_type=&#8221;content&#8221; dynamic_page=&#8221;749&#8243; dynamic_content_link=&#8221;#&#8221;] Especialistas en FV Soluciones de Mercado Programas de Eficiencia [\/services_medium][\/vc_column][vc_column width=&#8221;1\/3&#8243;][services_medium title=&#8221;INGENIER\u00cdA&#8221; icon_bool=&#8221;yes&#8221; icon=&#8221;steadysets-icon-settings&#8221; dynamic_content_type=&#8221;content&#8221; dynamic_page=&#8221;749&#8243; dynamic_content_link=&#8221;#&#8221;] Proyectos El\u00e9ctricos Direcci\u00f3n de obra C\u00e1lculos [\/services_medium][\/vc_column][vc_column width=&#8221;1\/3&#8243;][services_medium title=&#8221;CONSULTOR\u00cdA&#8221; icon_bool=&#8221;yes&#8221; icon=&#8221;moon-file-4&#8243; dynamic_content_type=&#8221;content&#8221; dynamic_page=&#8221;749&#8243; dynamic_content_link=&#8221;#&#8221;] Optimizaci\u00f3n del proyecto Valoraci\u00f3n Econ\u00f3mica An\u00e1lisis de Viabilidad [\/services_medium][\/vc_column][\/vc_row][vc_row type=&#8221;in_container&#8221; bg_position=&#8221;left top&#8221; bg_repeat=&#8221;no-repeat&#8221; bg_color=&#8221;#eaeaea&#8221; overlay_opacity=&#8221;0.65&#8243; overlay_zindex=&#8221;1&#8243; [&hellip;]<\/p>\n","protected":false},"author":1,"featured_media":0,"parent":0,"menu_order":0,"comment_status":"closed","ping_status":"closed","template":"","meta":{"footnotes":""},"class_list":["post-1775","page","type-page","status-publish","hentry"],"_links":{"self":[{"href":"http:\/\/www.proenex.es\/en\/wp-json\/wp\/v2\/pages\/1775"}],"collection":[{"href":"http:\/\/www.proenex.es\/en\/wp-json\/wp\/v2\/pages"}],"about":[{"href":"http:\/\/www.proenex.es\/en\/wp-json\/wp\/v2\/types\/page"}],"author":[{"embeddable":true,"href":"http:\/\/www.proenex.es\/en\/wp-json\/wp\/v2\/users\/1"}],"replies":[{"embeddable":true,"href":"http:\/\/www.proenex.es\/en\/wp-json\/wp\/v2\/comments?post=1775"}],"version-history":[{"count":201,"href":"http:\/\/www.proenex.es\/en\/wp-json\/wp\/v2\/pages\/1775\/revisions"}],"predecessor-version":[{"id":2067,"href":"http:\/\/www.proenex.es\/en\/wp-json\/wp\/v2\/pages\/1775\/revisions\/2067"}],"wp:attachment":[{"href":"http:\/\/www.proenex.es\/en\/wp-json\/wp\/v2\/media?parent=1775"}],"curies":[{"name":"wp","href":"https:\/\/api.w.org\/{rel}","templated":true}]}}